{"id":27,"date":"2006-01-04T14:18:57","date_gmt":"2006-01-04T12:18:57","guid":{"rendered":"http:\/\/www.oh-la-la.nl\/?page_id=27"},"modified":"2026-02-03T19:00:10","modified_gmt":"2026-02-03T17:00:10","slug":"contact","status":"publish","type":"page","link":"https:\/\/www.oh-la-la.nl\/?page_id=27","title":{"rendered":"Contact &#8211; Bio"},"content":{"rendered":"<p>Natasha Cloutier\/Oh La La<br \/>\nOrteliusstraat 299-1<br \/>\n1056 NX Amsterdam<br \/>\nThe Netherlands<\/p>\n<p>Phone\/WhatsApp\/Signal: +31 (0)6 2122 5766<br \/>\nE-mail: <a href=\"mailto:natasha@oh-la-la.nl\">natasha@oh-la-la.nl<\/a><br \/>\nwww.oh-la-la.nl<br \/>\nChamber of Commerce: Amsterdam, 09114876<br \/>\nVAT number: NL002374503B04<\/p>\n<p>LinkedIn: <a href=\"https:\/\/www.linkedin.com\/in\/natashacloutier\/\">Natasha Cloutier<\/a><br \/>\nSpotify: <a href=\"https:\/\/open.spotify.com\/user\/1125083152\">DJ Natashka<\/a><br \/>\nMixcloud: <a href=\"https:\/\/www.mixcloud.com\/DJNatashka\/\">Mixcloud<\/a><br \/>\nX: <a href=\"https:\/\/www.twitter.com\">natashenka007<\/a><br \/>\nBluesky: <a href=\"https:\/\/bsky.app\/\">natashenka007.bsky.social<\/a><\/p>\n<p><a href=\"https:\/\/www.oh-la-la.nl\/Bio\/DJ_Natashka_EN.pdf\">English BIO<\/a> (PDF), <a href=\"https:\/\/www.oh-la-la.nl\/Bio\/DJ_Natashka_NL.pdf\">Dutch BIO<\/a> (PDF), <a href=\"https:\/\/www.oh-la-la.nl\/Bio\/DJ_Natashka_FR.pdf\">French BIO<\/a> (PDF)<\/p>\n<table border=\"0\">\n<tbody>\n<tr align=\"top\">\n<td>\n<img loading=\"lazy\" src=\"https:\/\/www.oh-la-la.nl\/wp-content\/uploads\/2006\/01\/DJ-Natashka-small-200x300.jpg\" alt=\"DJ Natashka-small\" title=\"DJ Natashka-small\" width=\"200\" height=\"300\" class=\"alignleft size-medium wp-image-1698\" srcset=\"https:\/\/www.oh-la-la.nl\/wp-content\/uploads\/2006\/01\/DJ-Natashka-small-200x300.jpg 200w, https:\/\/www.oh-la-la.nl\/wp-content\/uploads\/2006\/01\/DJ-Natashka-small.jpg 300w\" sizes=\"(max-width: 200px) 100vw, 200px\" \/><\/td>\n<\/tr>\n<tr>\n<td>\n<strong>DJ name:<\/strong> DJ Natashka (Natasha Cloutier)<br \/>\n<strong>Gear:<\/strong> vinyl, CDs and USB sticks<br \/>\n<strong>Style:<\/strong> French from the 1950s to today&#8217;s pop.<br \/>\n<strong>Favourites:<\/strong> Gall, Dutronc, Gainsbourg, Nougaro, Distel, Boule Noire, Jean Leloup, Dany Brillant, Les Rita Mitsouko, Plastic Bertrand, and countless others.<br \/>\n<strong>Influences:<\/strong> My audience, other cool DJs and friendly record shop owners.<br \/>\n<strong>Big Gigs:<\/strong> Barbara Pravi, Jacqueline Ta\u00efeb, Les N\u00e9gresses Vertes, Yves Duteuil, Dance Valley 2009<\/td>\n<\/tr>\n<\/tbody>\n<\/table>\n<table border=\"0\">\n<tbody>\n<tr colspan=\"2\">\n<td align=\"\" \"center\"=\"\">&#8211; Late 1980s: I studied sound recording in Montr\u00e9al, Canada.<br \/>\n&#8211; 1980-1990s: Freelance sound technician for live concerts and DJing in bars.<br \/>\n&#8211; 1990-1993: On air DJ in French and English for several student and cable radio stations.<br \/>\n&#8211; 2012-2015: On air co-host and technician for <a href=\"https:\/\/www.englishbreakfast.nl\/\">English Breakfast radio<\/a>, Amsterdam, with folks like comedian <a href=\"https:\/\/gregshapiro.nl\/\">Greg Shapiro<\/a><br \/>\n&#8211; 2019-2021: Host of The Happy Hour on <a href=\"https:\/\/www.broadcastamsterdam.nl\/\">broadcastamsterdam.nl<br \/>\n<\/a><\/td>\n<\/tr>\n<\/tbody>\n<\/table>\n<p>Past locations played:<\/p>\n<p><strong>Amsterdam<\/strong>: De Nieuwe Anita, Winston Kingdom (closed), Sappho (closed), Canvas, Edel (now Baro), Maison Descartes (now Institut fran\u00e7ais des Pays-Bas), Sugar Factory (closed), Caf\u00e9 Pakhuis Wilhelmina (now Mezrab), Flexbar (closed), Pacific Parc, Paradiso (big hall &amp; small hall), Odeon (now Supperclub), Jet Lounge (closed), Festina Lente, Club 8 (closed), Caf\u00e9 Kobalt, Grand Caf\u00e9 Fossa (now Florya), Pont 13, Restaurant Cafe Graves (closed), Noorderlicht Caf\u00e9, Code 21 (closed), Bar Lempicka, &#8216;t Blaauwhooft, Caf\u00e9 Kuijper, Blijburg (closed), Het Concertgebouw, Hotel Americain, H\u00f4tel de l&#8217;Europe, OCCII, Club Zest (has changed), De Meevaart, Sporthallen Zuid, Tennis Club Kattenlaan, Waalse Kerk.<br \/>\n<strong>Amstelveen<\/strong>: Cobra Museum, P60.<\/p>\n<p><strong>North Holland<\/strong><br \/>\nDance Valley &#8211; Spaarnwoude, Museum Beelden aan Zee &#8211; The Hague, Het Broker Huis &#8211; Broek in Waterland, AMVO &#8211; Volendam.<\/p>\n<p><strong>South Holland<\/strong><br \/>\nAtlantis, Scheveningen. Centrale Bibliotheek Rotterdam. Kunstmanifestatie, Trinitatiskapel &#8211; Dordrecht. Spijkenisse Festival &#8211; Spijkenisse. De Vliethoeve &#8211; Bodegraven. NH Noordwijk Conference Centre Leeuwenhorst &#8211; Noordwijkerhout.<\/p>\n<p><strong>Utrecht<\/strong><br \/>\ndb&#8217;s &#8211; Utrecht. Brothers &#8211; Bunnik. Barracks hall &#8211; Austerlitz, Julianapark &#8211; Utrecht. Theater Kikker &#8211; Utrecht.<\/p>\n<p><strong>Groningen<\/strong><br \/>\nImages Caf\u00e9 &#8211; Groningen.<\/p>\n<p><strong>Gelderland<\/strong><br \/>\nLUX &#8211; Nijmegen, Kookplaats &#8211; Arnhem.<\/p>\n<p><strong>Noord-Brabant<\/strong><br \/>\nMandala Festival &#8211; Wanroij. De Effenaar (small hall, big hall) &#8211; Eindhoven.<\/p>\n<p><strong>Limburg<\/strong><br \/>\nNieuwe Nor, Cultuurhuis &#8211; Heerlen; Bonnenfantenmuseum, Cafe Zondag &#8211; Maastricht, Kasteel De Berckt &#8211; Baarlo.<\/p>\n<p><strong>Zeeland<\/strong><br \/>\nKerkplein and Nieuwe Haven &#8211; Zierikzee.<\/p>\n<p><strong>Overijssel<\/strong><br \/>\nBoode &#8211; Bathmen.<\/p>\n<p><strong>France<\/strong><br \/>\nLe Bizz&#8217; art, Le Gast and La Villette Enchant\u00e9e &#8211; Paris.<\/p>\n<p><strong>Belgium<\/strong><br \/>\nBar du Matin, New Autoworld Brasserie, Halles St G\u00e9ry, Zotte Mouche &#8211; Brussels, Cafe Modern &#8211; Teuven, Cin\u00e9ma Sauveni\u00e8re &#8211; Li\u00e8ge. Cocteauzaal &#8211; Ghent. Petrol (closed) &#8211; Antwerp.<\/p>\n<p><strong>Germany<\/strong><br \/>\nMuffathalle (all three halls) &#8211; Munich, De Roter Salon, Institut Fran\u00e7ais &#8211; Berlin.<\/p>\n<p><strong>UK<\/strong><br \/>\nFulham Palace &#8211; London.<\/p>\n<p><strong>Canada<\/strong><br \/>\nSala Rossa &#8211; Montr\u00e9al, On Grande-All\u00e9e boulevard outdoors, Qu\u00e9bec City.<\/p>\n<p>Last update: 3 February 2026<\/p>\n","protected":false},"excerpt":{"rendered":"<p>Natasha Cloutier\/Oh La La Orteliusstraat 299-1 1056 NX Amsterdam The Netherlands Phone\/WhatsApp\/Signal: +31 (0)6 2122 5766 E-mail: natasha@oh-la-la.nl www.oh-la-la.nl Chamber of Commerce: Amsterdam, 09114876 VAT number: NL002374503B04 LinkedIn: Natasha Cloutier Spotify: DJ Natashka Mixcloud: Mixcloud X: natashenka007 Bluesky: natashenka007.bsky.social English BIO (PDF), Dutch BIO (PDF), French BIO (PDF) DJ name: DJ Natashka (Natasha Cloutier) Gear: [&hellip;]<\/p>\n","protected":false},"author":1,"featured_media":0,"parent":0,"menu_order":0,"comment_status":"closed","ping_status":"closed","template":"","meta":[],"_links":{"self":[{"href":"https:\/\/www.oh-la-la.nl\/index.php?rest_route=\/wp\/v2\/pages\/27"}],"collection":[{"href":"https:\/\/www.oh-la-la.nl\/index.php?rest_route=\/wp\/v2\/pages"}],"about":[{"href":"https:\/\/www.oh-la-la.nl\/index.php?rest_route=\/wp\/v2\/types\/page"}],"author":[{"embeddable":true,"href":"https:\/\/www.oh-la-la.nl\/index.php?rest_route=\/wp\/v2\/users\/1"}],"replies":[{"embeddable":true,"href":"https:\/\/www.oh-la-la.nl\/index.php?rest_route=%2Fwp%2Fv2%2Fcomments&post=27"}],"version-history":[{"count":136,"href":"https:\/\/www.oh-la-la.nl\/index.php?rest_route=\/wp\/v2\/pages\/27\/revisions"}],"predecessor-version":[{"id":3535,"href":"https:\/\/www.oh-la-la.nl\/index.php?rest_route=\/wp\/v2\/pages\/27\/revisions\/3535"}],"wp:attachment":[{"href":"https:\/\/www.oh-la-la.nl\/index.php?rest_route=%2Fwp%2Fv2%2Fmedia&parent=27"}],"curies":[{"name":"wp","href":"https:\/\/api.w.org\/{rel}","templated":true}]}}